{"id":38,"date":"2025-04-30T13:47:48","date_gmt":"2025-04-30T13:47:48","guid":{"rendered":"https:\/\/klangwasser.com\/?page_id=38"},"modified":"2025-04-30T15:43:57","modified_gmt":"2025-04-30T15:43:57","slug":"38-2","status":"publish","type":"page","link":"https:\/\/klangwasser.com\/index.php\/38-2\/","title":{"rendered":"History"},"content":{"rendered":"\n<div class=\"wp-block-group alignfull has-base-background-color has-background has-global-padding is-layout-constrained wp-container-core-group-is-layout-d89aad35 wp-block-group-is-layout-constrained\" style=\"margin-top:0;margin-bottom:0;padding-top:var(--wp--preset--spacing--50);padding-right:var(--wp--preset--spacing--50);padding-bottom:var(--wp--preset--spacing--50);padding-left:var(--wp--preset--spacing--50)\">\n<div class=\"wp-block-columns alignwide is-layout-flex wp-container-core-columns-is-layout-549b0c86 wp-block-columns-is-layout-flex\">\n<div class=\"wp-block-column has-global-padding is-content-justification-left is-layout-constrained wp-container-core-column-is-layout-4f15e8fe wp-block-column-is-layout-constrained\" style=\"flex-basis:40%\">\n<p>Die Klangwasser-Pioniere<\/p>\n<\/div>\n\n\n\n<div class=\"wp-block-column is-layout-flow wp-container-core-column-is-layout-119bc444 wp-block-column-is-layout-flow\" style=\"flex-basis:60%\">\n<p class=\"has-heading-font-family has-x-large-font-size\" style=\"line-height:1.2\">Was als intuitive Idee begann, wurde zur Lebensaufgabe!<\/p>\n\n\n\n<div class=\"wp-block-columns is-layout-flex wp-container-core-columns-is-layout-87beb0d0 wp-block-columns-is-layout-flex\">\n<div class=\"wp-block-column is-layout-flow wp-block-column-is-layout-flow\">\n<p class=\"wp-container-content-9cfa9a5a\">Ein Paar \u2013 verbunden durch Neugier, Herz und feines Gesp\u00fcr \u2013 stellte sich die Frage, wie Wasser klingen w\u00fcrde, wenn man es mit 432 Hz, der \u201eharmonischen Frequenz der Natur\u201c, beschallt. Die erste Begegnung mit diesem klangwasser war f\u00fcr beide ein Schl\u00fcsselmoment: sp\u00fcrbare innere Ruhe, Klarheit im Denken, ein tiefes Gef\u00fchl von Verbundenheit.<\/p>\n<\/div>\n\n\n\n<div class=\"wp-block-column is-layout-flow wp-block-column-is-layout-flow\">\n<p>Fasziniert von der Wirkung begannen sie, jahrelang zu experimentieren \u2013 mit der Dauer der Beschallung, der Holzart zur \u00dcbertragung der Frequenzen, dem Einfluss von Mondphasen und der idealen Flaschengr\u00f6\u00dfe. Ihr Ziel war stets klar: das bestm\u00f6gliche Wasser zu schaffen \u2013 ein Wasser, das nicht nur den K\u00f6rper n\u00e4hrt, sondern auch die Seele ber\u00fchrt.<\/p>\n<\/div>\n<\/div>\n<\/div>\n<\/div>\n<\/div>\n\n\n\n<div class=\"wp-block-group alignfull has-accent-2-background-color has-background has-global-padding is-layout-constrained wp-container-core-group-is-layout-669513ed wp-block-group-is-layout-constrained\" style=\"margin-top:0;margin-bottom:0;padding-top:var(--wp--preset--spacing--50);padding-right:var(--wp--preset--spacing--50);padding-bottom:var(--wp--preset--spacing--50);padding-left:var(--wp--preset--spacing--50)\">\n<div class=\"wp-block-columns alignwide is-layout-flex wp-container-core-columns-is-layout-28f84493 wp-block-columns-is-layout-flex\">\n<div class=\"wp-block-column is-layout-flow wp-block-column-is-layout-flow\" style=\"flex-basis:40%\">\n<p class=\"wp-container-content-0733e5d0\">Anna &amp; Matthias Lorenz<\/p>\n<\/div>\n\n\n\n<div class=\"wp-block-column is-layout-flow wp-block-column-is-layout-flow\" style=\"flex-basis:60%\">\n<p class=\"has-heading-font-family has-x-large-font-size\" style=\"line-height:1.2\">Heute teilen wir unser \u201eklangwasser\u201c mit der Welt \u2013 als Einladung, bewusster zu trinken, tiefer zu atmen und sich wieder mit dem eigenen inneren Rhythmus zu verbinden.<\/p>\n<\/div>\n<\/div>\n\n\n\n<div style=\"height:var(--wp--preset--spacing--40)\" aria-hidden=\"true\" class=\"wp-block-spacer\"><\/div>\n\n\n\n<figure class=\"wp-block-image alignwide size-full is-style-rounded is-style-rounded--1\"><img loading=\"lazy\" decoding=\"async\" width=\"1024\" height=\"1024\" src=\"https:\/\/klangwasser.com\/wp-content\/uploads\/2025\/04\/Anna_und_Matthias.jpeg\" alt=\"\" class=\"wp-image-62\" srcset=\"https:\/\/klangwasser.com\/wp-content\/uploads\/2025\/04\/Anna_und_Matthias.jpeg 1024w, https:\/\/klangwasser.com\/wp-content\/uploads\/2025\/04\/Anna_und_Matthias-300x300.jpeg 300w, https:\/\/klangwasser.com\/wp-content\/uploads\/2025\/04\/Anna_und_Matthias-150x150.jpeg 150w, https:\/\/klangwasser.com\/wp-content\/uploads\/2025\/04\/Anna_und_Matthias-768x768.jpeg 768w\" sizes=\"auto, (max-width: 1024px) 100vw, 1024px\" \/><\/figure>\n<\/div>\n","protected":false},"excerpt":{"rendered":"<p>Die Klangwasser-Pioniere Was als intuitive Idee begann, wurde zur Lebensaufgabe! Ein Paar \u2013 verbunden durch Neugier, Herz und feines Gesp\u00fcr \u2013 stellte sich die Frage, wie Wasser klingen w\u00fcrde, wenn man es mit 432 Hz, der \u201eharmonischen Frequenz der Natur\u201c, beschallt. Die erste Begegnung mit diesem klangwasser war f\u00fcr beide ein Schl\u00fcsselmoment: sp\u00fcrbare innere Ruhe, [&hellip;]<\/p>\n","protected":false},"author":1,"featured_media":0,"parent":0,"menu_order":0,"comment_status":"closed","ping_status":"closed","template":"page-no-title","meta":{"footnotes":""},"class_list":["post-38","page","type-page","status-publish","hentry"],"_links":{"self":[{"href":"https:\/\/klangwasser.com\/index.php\/wp-json\/wp\/v2\/pages\/38","targetHints":{"allow":["GET"]}}],"collection":[{"href":"https:\/\/klangwasser.com\/index.php\/wp-json\/wp\/v2\/pages"}],"about":[{"href":"https:\/\/klangwasser.com\/index.php\/wp-json\/wp\/v2\/types\/page"}],"author":[{"embeddable":true,"href":"https:\/\/klangwasser.com\/index.php\/wp-json\/wp\/v2\/users\/1"}],"replies":[{"embeddable":true,"href":"https:\/\/klangwasser.com\/index.php\/wp-json\/wp\/v2\/comments?post=38"}],"version-history":[{"count":4,"href":"https:\/\/klangwasser.com\/index.php\/wp-json\/wp\/v2\/pages\/38\/revisions"}],"predecessor-version":[{"id":63,"href":"https:\/\/klangwasser.com\/index.php\/wp-json\/wp\/v2\/pages\/38\/revisions\/63"}],"wp:attachment":[{"href":"https:\/\/klangwasser.com\/index.php\/wp-json\/wp\/v2\/media?parent=38"}],"curies":[{"name":"wp","href":"https:\/\/api.w.org\/{rel}","templated":true}]}}